{"id":83,"date":"2025-07-16T18:53:32","date_gmt":"2025-07-16T18:53:32","guid":{"rendered":"https:\/\/ssm2023.com\/inicio\/?page_id=83"},"modified":"2025-07-16T20:14:02","modified_gmt":"2025-07-16T20:14:02","slug":"contacto","status":"publish","type":"page","link":"https:\/\/ssm2023.com\/inicio\/contacto\/","title":{"rendered":"Contacto"},"content":{"rendered":"\t\t<div data-elementor-type=\"wp-page\" data-elementor-id=\"83\" class=\"elementor elementor-83\">\n\t\t\t\t<header class=\"elementor-element elementor-element-1d489b3d e-con-full e-flex e-con e-parent\" data-id=\"1d489b3d\" data-element_type=\"container\" data-e-type=\"container\">\n\t\t<div class=\"elementor-element elementor-element-67da27b0 e-con-full e-flex e-con e-child\" data-id=\"67da27b0\" data-element_type=\"container\" data-e-type=\"container\">\n\t\t\t\t<div class=\"elementor-element elementor-element-48deffff elementor-widget elementor-widget-image\" data-id=\"48deffff\" data-element_type=\"widget\" data-e-type=\"widget\" data-widget_type=\"image.default\">\n\t\t\t\t<div class=\"elementor-widget-container\">\n\t\t\t\t\t\t\t\t\t\t\t\t\t\t\t<img fetchpriority=\"high\" decoding=\"async\" width=\"2560\" height=\"1707\" src=\"https:\/\/ssm2023.com\/inicio\/wp-content\/uploads\/2025\/06\/IMG_5601-scaled.jpg\" class=\"attachment-full size-full wp-image-19\" alt=\"\" srcset=\"https:\/\/ssm2023.com\/inicio\/wp-content\/uploads\/2025\/06\/IMG_5601-scaled.jpg 2560w, https:\/\/ssm2023.com\/inicio\/wp-content\/uploads\/2025\/06\/IMG_5601-300x200.jpg 300w, https:\/\/ssm2023.com\/inicio\/wp-content\/uploads\/2025\/06\/IMG_5601-1024x683.jpg 1024w, https:\/\/ssm2023.com\/inicio\/wp-content\/uploads\/2025\/06\/IMG_5601-768x512.jpg 768w, https:\/\/ssm2023.com\/inicio\/wp-content\/uploads\/2025\/06\/IMG_5601-1536x1024.jpg 1536w, https:\/\/ssm2023.com\/inicio\/wp-content\/uploads\/2025\/06\/IMG_5601-2048x1365.jpg 2048w\" sizes=\"(max-width: 2560px) 100vw, 2560px\" \/>\t\t\t\t\t\t\t\t\t\t\t\t\t\t\t<\/div>\n\t\t\t\t<\/div>\n\t\t\t\t<\/div>\n\t\t<div class=\"elementor-element elementor-element-64c37104 e-con-full e-flex e-con e-child\" data-id=\"64c37104\" data-element_type=\"container\" data-e-type=\"container\">\n\t\t\t\t<div class=\"elementor-element elementor-element-4318c4e0 elementor-align-end elementor-icon-list--layout-traditional elementor-list-item-link-full_width elementor-widget elementor-widget-icon-list\" data-id=\"4318c4e0\" data-element_type=\"widget\" data-e-type=\"widget\" data-widget_type=\"icon-list.default\">\n\t\t\t\t<div class=\"elementor-widget-container\">\n\t\t\t\t\t\t\t<ul class=\"elementor-icon-list-items\">\n\t\t\t\t\t\t\t<li class=\"elementor-icon-list-item\">\n\t\t\t\t\t\t\t\t\t\t\t<span class=\"elementor-icon-list-icon\">\n\t\t\t\t\t\t\t<svg aria-hidden=\"true\" class=\"e-font-icon-svg e-fab-whatsapp\" viewBox=\"0 0 448 512\" xmlns=\"http:\/\/www.w3.org\/2000\/svg\"><path d=\"M380.9 97.1C339 55.1 283.2 32 223.9 32c-122.4 0-222 99.6-222 222 0 39.1 10.2 77.3 29.6 111L0 480l117.7-30.9c32.4 17.7 68.9 27 106.1 27h.1c122.3 0 224.1-99.6 224.1-222 0-59.3-25.2-115-67.1-157zm-157 341.6c-33.2 0-65.7-8.9-94-25.7l-6.7-4-69.8 18.3L72 359.2l-4.4-7c-18.5-29.4-28.2-63.3-28.2-98.2 0-101.7 82.8-184.5 184.6-184.5 49.3 0 95.6 19.2 130.4 54.1 34.8 34.9 56.2 81.2 56.1 130.5 0 101.8-84.9 184.6-186.6 184.6zm101.2-138.2c-5.5-2.8-32.8-16.2-37.9-18-5.1-1.9-8.8-2.8-12.5 2.8-3.7 5.6-14.3 18-17.6 21.8-3.2 3.7-6.5 4.2-12 1.4-32.6-16.3-54-29.1-75.5-66-5.7-9.8 5.7-9.1 16.3-30.3 1.8-3.7.9-6.9-.5-9.7-1.4-2.8-12.5-30.1-17.1-41.2-4.5-10.8-9.1-9.3-12.5-9.5-3.2-.2-6.9-.2-10.6-.2-3.7 0-9.7 1.4-14.8 6.9-5.1 5.6-19.4 19-19.4 46.3 0 27.3 19.9 53.7 22.6 57.4 2.8 3.7 39.1 59.7 94.8 83.8 35.2 15.2 49 16.5 66.6 13.9 10.7-1.6 32.8-13.4 37.4-26.4 4.6-13 4.6-24.1 3.2-26.4-1.3-2.5-5-3.9-10.5-6.6z\"><\/path><\/svg>\t\t\t\t\t\t<\/span>\n\t\t\t\t\t\t\t\t\t\t<span class=\"elementor-icon-list-text\">871 944 3530<\/span>\n\t\t\t\t\t\t\t\t\t<\/li>\n\t\t\t\t\t\t<\/ul>\n\t\t\t\t\t\t<\/div>\n\t\t\t\t<\/div>\n\t\t\t\t<\/div>\n\t\t\t\t<\/header>\n\t\t<div class=\"elementor-element elementor-element-79b7e04f e-con-full e-flex e-con e-parent\" data-id=\"79b7e04f\" data-element_type=\"container\" data-e-type=\"container\">\n\t\t\t\t<div class=\"elementor-element elementor-element-6c26406f elementor-widget__width-initial elementor-widget elementor-widget-heading\" data-id=\"6c26406f\" data-element_type=\"widget\" data-e-type=\"widget\" data-widget_type=\"heading.default\">\n\t\t\t\t<div class=\"elementor-widget-container\">\n\t\t\t\t\t<h1 class=\"elementor-heading-title elementor-size-default\">Cont\u00e1ctanos<\/h1>\t\t\t\t<\/div>\n\t\t\t\t<\/div>\n\t\t<div class=\"elementor-element elementor-element-55929b6c e-con-full e-flex e-con e-child\" data-id=\"55929b6c\" data-element_type=\"container\" data-e-type=\"container\">\n\t\t\t\t<div class=\"elementor-element elementor-element-20e9b6ec elementor-widget elementor-widget-text-editor\" data-id=\"20e9b6ec\" data-element_type=\"widget\" data-e-type=\"widget\" data-widget_type=\"text-editor.default\">\n\t\t\t\t<div class=\"elementor-widget-container\">\n\t\t\t\t\t\t\t\t\t<p>Estamos para servirte y darte las mejores opciones en Suministros y Soluciones Metalm\u00e9canicas.<\/p>\t\t\t\t\t\t\t\t<\/div>\n\t\t\t\t<\/div>\n\t\t\t\t<\/div>\n\t\t<div class=\"elementor-element elementor-element-22cdd01d e-con-full e-flex e-con e-child\" data-id=\"22cdd01d\" data-element_type=\"container\" data-e-type=\"container\">\n\t\t\t\t<div class=\"elementor-element elementor-element-5052c86a elementor-widget elementor-widget-image\" data-id=\"5052c86a\" data-element_type=\"widget\" data-e-type=\"widget\" data-widget_type=\"image.default\">\n\t\t\t\t<div class=\"elementor-widget-container\">\n\t\t\t\t\t\t\t\t\t\t\t\t\t\t\t<img decoding=\"async\" width=\"683\" height=\"1024\" src=\"https:\/\/ssm2023.com\/inicio\/wp-content\/uploads\/2025\/06\/IMG_5624-683x1024.jpg\" class=\"attachment-large size-large wp-image-17\" alt=\"\" srcset=\"https:\/\/ssm2023.com\/inicio\/wp-content\/uploads\/2025\/06\/IMG_5624-683x1024.jpg 683w, https:\/\/ssm2023.com\/inicio\/wp-content\/uploads\/2025\/06\/IMG_5624-200x300.jpg 200w, https:\/\/ssm2023.com\/inicio\/wp-content\/uploads\/2025\/06\/IMG_5624-768x1152.jpg 768w, https:\/\/ssm2023.com\/inicio\/wp-content\/uploads\/2025\/06\/IMG_5624-1024x1536.jpg 1024w, https:\/\/ssm2023.com\/inicio\/wp-content\/uploads\/2025\/06\/IMG_5624-1365x2048.jpg 1365w, https:\/\/ssm2023.com\/inicio\/wp-content\/uploads\/2025\/06\/IMG_5624-scaled.jpg 1707w\" sizes=\"(max-width: 683px) 100vw, 683px\" \/>\t\t\t\t\t\t\t\t\t\t\t\t\t\t\t<\/div>\n\t\t\t\t<\/div>\n\t\t\t\t<\/div>\n\t\t\t\t<\/div>\n\t\t<div class=\"elementor-element elementor-element-3381b787 e-con-full e-flex e-con e-parent\" data-id=\"3381b787\" data-element_type=\"container\" data-e-type=\"container\" data-settings=\"{&quot;background_background&quot;:&quot;classic&quot;}\">\n\t\t<div class=\"elementor-element elementor-element-315663ad e-con-full e-flex e-con e-child\" data-id=\"315663ad\" data-element_type=\"container\" data-e-type=\"container\">\n\t\t\t\t<div class=\"elementor-element elementor-element-126db5ae elementor-widget elementor-widget-image\" data-id=\"126db5ae\" data-element_type=\"widget\" data-e-type=\"widget\" data-widget_type=\"image.default\">\n\t\t\t\t<div class=\"elementor-widget-container\">\n\t\t\t\t\t\t\t\t\t\t\t\t\t\t\t<img decoding=\"async\" src=\"https:\/\/ssm2023.com\/inicio\/wp-content\/uploads\/elementor\/thumbs\/517927637_645891215284373_3409643488215485596_n-r8uuyveym7orfq9l52pv787zcdi1hdhufhiqdnn91k.jpg\" title=\"517927637_645891215284373_3409643488215485596_n\" alt=\"517927637_645891215284373_3409643488215485596_n\" loading=\"lazy\" \/>\t\t\t\t\t\t\t\t\t\t\t\t\t\t\t<\/div>\n\t\t\t\t<\/div>\n\t\t\t\t<\/div>\n\t\t<div class=\"elementor-element elementor-element-2995a62e e-con-full e-flex e-con e-child\" data-id=\"2995a62e\" data-element_type=\"container\" data-e-type=\"container\">\n\t\t\t\t<div class=\"elementor-element elementor-element-553d0785 elementor-align-start elementor-icon-list--layout-traditional elementor-list-item-link-full_width elementor-widget elementor-widget-icon-list\" data-id=\"553d0785\" data-element_type=\"widget\" data-e-type=\"widget\" data-widget_type=\"icon-list.default\">\n\t\t\t\t<div class=\"elementor-widget-container\">\n\t\t\t\t\t\t\t<ul class=\"elementor-icon-list-items\">\n\t\t\t\t\t\t\t<li class=\"elementor-icon-list-item\">\n\t\t\t\t\t\t\t\t\t\t<span class=\"elementor-icon-list-text\"><b>Dieecci\u00f3n:<\/b> Antigua Carretera Torre\u00f3n San Pedro 765, Torre\u00f3n, Mexico<\/span>\n\t\t\t\t\t\t\t\t\t<\/li>\n\t\t\t\t\t\t\t\t<li class=\"elementor-icon-list-item\">\n\t\t\t\t\t\t\t\t\t\t<span class=\"elementor-icon-list-text\"><b>Horario:<\/b> Lunes a viernes de 8:00- 19:00 y S\u00e1bados a domingo de 9:00 - 14:00 hrs<\/span>\n\t\t\t\t\t\t\t\t\t<\/li>\n\t\t\t\t\t\t\t\t<li class=\"elementor-icon-list-item\">\n\t\t\t\t\t\t\t\t\t\t<span class=\"elementor-icon-list-text\"><b>Telef\u00f3no:<\/b> 871 944 3530<\/span>\n\t\t\t\t\t\t\t\t\t<\/li>\n\t\t\t\t\t\t\t\t<li class=\"elementor-icon-list-item\">\n\t\t\t\t\t\t\t\t\t\t<span class=\"elementor-icon-list-text\"><b>Email:<\/b> ventas@ssm23.com<\/span>\n\t\t\t\t\t\t\t\t\t<\/li>\n\t\t\t\t\t\t<\/ul>\n\t\t\t\t\t\t<\/div>\n\t\t\t\t<\/div>\n\t\t\t\t<\/div>\n\t\t\t\t<\/div>\n\t\t\t\t<\/div>\n\t\t","protected":false},"excerpt":{"rendered":"<p>871 944 3530 Cont\u00e1ctanos Estamos para servirte y darte las mejores opciones en Suministros y Soluciones Metalm\u00e9canicas. Dieecci\u00f3n: Antigua Carretera Torre\u00f3n San Pedro 765, Torre\u00f3n, Mexico Horario: Lunes a viernes de 8:00- 19:00 y S\u00e1bados a domingo de 9:00 &#8211; 14:00 hrs Telef\u00f3no: 871 944 3530 Email: ventas@ssm23.com<\/p>\n","protected":false},"author":1,"featured_media":0,"parent":0,"menu_order":0,"comment_status":"closed","ping_status":"closed","template":"","meta":{"footnotes":""},"class_list":["post-83","page","type-page","status-publish","hentry"],"_links":{"self":[{"href":"https:\/\/ssm2023.com\/inicio\/wp-json\/wp\/v2\/pages\/83","targetHints":{"allow":["GET"]}}],"collection":[{"href":"https:\/\/ssm2023.com\/inicio\/wp-json\/wp\/v2\/pages"}],"about":[{"href":"https:\/\/ssm2023.com\/inicio\/wp-json\/wp\/v2\/types\/page"}],"author":[{"embeddable":true,"href":"https:\/\/ssm2023.com\/inicio\/wp-json\/wp\/v2\/users\/1"}],"replies":[{"embeddable":true,"href":"https:\/\/ssm2023.com\/inicio\/wp-json\/wp\/v2\/comments?post=83"}],"version-history":[{"count":9,"href":"https:\/\/ssm2023.com\/inicio\/wp-json\/wp\/v2\/pages\/83\/revisions"}],"predecessor-version":[{"id":146,"href":"https:\/\/ssm2023.com\/inicio\/wp-json\/wp\/v2\/pages\/83\/revisions\/146"}],"wp:attachment":[{"href":"https:\/\/ssm2023.com\/inicio\/wp-json\/wp\/v2\/media?parent=83"}],"curies":[{"name":"wp","href":"https:\/\/api.w.org\/{rel}","templated":true}]}}